{"id":289,"date":"2017-02-23T06:32:25","date_gmt":"2017-02-23T06:32:25","guid":{"rendered":"http:\/\/mavereck.de\/?page_id=289"},"modified":"2017-04-19T12:16:56","modified_gmt":"2017-04-19T12:16:56","slug":"cookie-richtlinie","status":"publish","type":"page","link":"http:\/\/mavereck.de\/?page_id=289","title":{"rendered":"Cookie Richtlinie"},"content":{"rendered":"<p><span style=\"color: #999999;\"><span style=\"font-family: Times New Roman;\">Auf unseren Seiten verwenden wir Cookies zur Speicherung Ihrer Vorlieben bei der Bildschirmanzeige , z. B. Kontrast und Schriftgr\u00f6\u00dfe<br \/>\n<\/span><span style=\"font-family: Times New Roman;\"> Ihrer etwaigen Teilnahme an einer Umfrage zur N\u00fctzlichkeit der Inhalte (damit Sie nicht erneut durch ein Pop-up-Fenster zur Beantwortung aufgefordert werden)<br \/>\nIhrer Entscheidung zur (oder gegen die) Nutzung von Cookies auf diesem Portal. Auch auf unseren Seiten eingebettete Videos k\u00f6nnen\u00a0Cookies zur Erstellung anonymer Statistiken \u00fcber die zuvor besuchten Seiten und die ausgew\u00e4hlten Videos verwenden. Das Akzeptieren von Cookies ist zwar f\u00fcr die Nutzung des Portals nicht unbedingt erforderlich, macht das Surfen aber angenehmer. Sie k\u00f6nnen Cookies blockieren oder l\u00f6schen \u2013 das kann jedoch einige Funktionen dieses Portals beeintr\u00e4chtigen.<\/span><\/span><\/p>\n<p><span style=\"color: #999999; font-family: Times New Roman;\">Die mit Hilfe von Cookies erhobenen Informationen werden nicht dazu genutzt Sie zu identifizieren und die Daten unterliegen vollst\u00e4ndig unserer Kontrolle. Die Cookies dienen keinen anderen Zwecken als den hier genannten. Sie k\u00f6nnen Cookies nach Belieben steuern und\/oder l\u00f6schen. Wie, erfahren Sie hier: &lt;a href=&#8220;http:\/\/www.aboutcookies.org&#8220;&gt;about cookies.org&lt;\/a&gt; Sie k\u00f6nnen alle auf Ihrem Rechner abgelegten Cookies l\u00f6schen und die meisten Browser so einstellen, dass die Ablage von Cookies verhindert wird. Dann m\u00fcssen Sie aber m\u00f6glicherweise einige Einstellungen bei jedem Besuch einer Seite manuell vornehmen und die Beeintr\u00e4chtigung mancher Funktionen in Kauf nehmen.Richtlinie<\/span><\/p>\n","protected":false},"excerpt":{"rendered":"<p>Auf unseren Seiten verwenden wir Cookies zur Speicherung Ihrer Vorlieben bei der Bildschirmanzeige , z. B. Kontrast und Schriftgr\u00f6\u00dfe Ihrer etwaigen Teilnahme an einer Umfrage zur N\u00fctzlichkeit der Inhalte (damit Sie nicht erneut durch ein Pop-up-Fenster zur Beantwortung aufgefordert werden) Ihrer Entscheidung zur (oder gegen die) Nutzung von Cookies auf diesem Portal. Auch auf unseren&hellip;<\/p>\n","protected":false},"author":1,"featured_media":0,"parent":0,"menu_order":0,"comment_status":"closed","ping_status":"closed","template":"","meta":[],"_links":{"self":[{"href":"http:\/\/mavereck.de\/index.php?rest_route=\/wp\/v2\/pages\/289"}],"collection":[{"href":"http:\/\/mavereck.de\/index.php?rest_route=\/wp\/v2\/pages"}],"about":[{"href":"http:\/\/mavereck.de\/index.php?rest_route=\/wp\/v2\/types\/page"}],"author":[{"embeddable":true,"href":"http:\/\/mavereck.de\/index.php?rest_route=\/wp\/v2\/users\/1"}],"replies":[{"embeddable":true,"href":"http:\/\/mavereck.de\/index.php?rest_route=%2Fwp%2Fv2%2Fcomments&post=289"}],"version-history":[{"count":2,"href":"http:\/\/mavereck.de\/index.php?rest_route=\/wp\/v2\/pages\/289\/revisions"}],"predecessor-version":[{"id":506,"href":"http:\/\/mavereck.de\/index.php?rest_route=\/wp\/v2\/pages\/289\/revisions\/506"}],"wp:attachment":[{"href":"http:\/\/mavereck.de\/index.php?rest_route=%2Fwp%2Fv2%2Fmedia&parent=289"}],"curies":[{"name":"wp","href":"https:\/\/api.w.org\/{rel}","templated":true}]}}